{"id":5560,"date":"2021-05-06T13:25:27","date_gmt":"2021-05-06T11:25:27","guid":{"rendered":"https:\/\/www.bbm-ersatzteile.de\/?page_id=5560"},"modified":"2022-11-11T13:06:37","modified_gmt":"2022-11-11T12:06:37","slug":"impressum","status":"publish","type":"page","link":"https:\/\/www.bbm-ersatzteile.de\/en\/impressum\/","title":{"rendered":"Imprint"},"content":{"rendered":"<div data-elementor-type=\"wp-page\" data-elementor-id=\"5560\" class=\"elementor elementor-5560\">\n\t\t\t\t\t\t<section class=\"elementor-section elementor-top-section elementor-element elementor-element-4ab6a0b elementor-section-boxed elementor-section-height-default elementor-section-height-default\" data-id=\"4ab6a0b\" data-element_type=\"section\">\n\t\t\t\t\t\t<div class=\"elementor-container elementor-column-gap-default\">\n\t\t\t\t\t<div class=\"elementor-column elementor-col-100 elementor-top-column elementor-element elementor-element-e3919bd\" data-id=\"e3919bd\" data-element_type=\"column\" data-settings=\"{&quot;background_background&quot;:&quot;classic&quot;}\">\n\t\t\t<div class=\"elementor-widget-wrap elementor-element-populated\">\n\t\t\t\t\t\t<div class=\"elementor-element elementor-element-90950c7 elementor-widget elementor-widget-text-editor\" data-id=\"90950c7\" data-element_type=\"widget\" data-widget_type=\"text-editor.default\">\n\t\t\t\t<div class=\"elementor-widget-container\">\n\t\t\t\t\t\t\t<h4><strong>Imprint<\/strong><\/h4>\n<h4>1. Information pursuant to Section 5 of the German Telemedia Act (TMG)<\/h4>\n<h5>Name of provider:<\/h5>\n<p>BBM Maschinenbau und Vertriebs GmbH<\/p>\n<h5>Legal form, registration, registered office:<\/h5>\n<p>BBM Maschinenbau und Vertriebs GmbH is a private limited company according to the German Private Limited Companies Act (GmbHG) with its registered office in Langenberg, entered in the Commercial Register of the Local Court in G\u00fctersloh under number HRB 6335<\/p>\n<h5>VAT identification number (Section 27a of the German Value-Added Tax Act (UStG)):<\/h5>\n<p>DE 192426376<\/p>\n<h5>Authorised representative:<\/h5>\n<p>Bernhard Schulte (Gesch\u00e4ftsf\u00fchrer), Felix Schulte (Gesch\u00e4ftsf\u00fchrer)<\/p>\n<h5>Postal address:<\/h5>\n<p>Dieselstra\u00dfe 4, D-33449 Langenberg<\/p>\n<h5>Contact details:<\/h5>\n<p class=\" translation-block\">E-mail:  contact@bbm-germany.de<br>\nTelephone:  +49 (0) 52 48\/82 38-0<br>\nFax:  +49 (0) 52 48\/82 38-21<br>\nWebsite:  www.bbm-ersatzteile.de<\/p>\n<h5>Regulatory authorities:<\/h5>\n<p>Industrie- und Handelskammer (Chamber of Industry and Commerce) Ostwestfalen zu Bielefeld, Elsa-Brandstr\u00f6m-Str. 1-3, 33602 Bielefeld<br>G\u00fctersloh District, Gewerbeamt (Trade Office), Herzebrocker Stra\u00dfe 140, 33334 G\u00fctersloh<\/p>\n<h4>2. Further information<\/h4>\n<h5>Information pursuant to Section 2 of the German Ordinance Governing Duties of Service Providers to Provide Information (DL-InfoV):<\/h5>\n<p>BBM Maschinenbau und Vertriebs GmbH, vertreten durch die Gesch\u00e4ftsf\u00fchrer Bernhard und Felix Schulte.<br><\/p>\n<p>Our General Terms and Conditions apply to services we provide. You can find them at www.bbm-ersatzteile.de\/agb\/. These Terms and Conditions lay down that German law shall apply and that, to the extent permitted, it is agreed that Langenberg shall be the place of jurisdiction. <a href=\"\/en\/\u201c\/\">https:\/\/www.bbm-ersatzteile.de\/agb\/<\/a>. Darin ist geregelt, dass deutsches Recht Anwendung findet und dass, soweit zul\u00e4ssig, als Gerichtsstand Langenberg vereinbart wird.<\/p>\n<h4>3. Liability<\/h4>\n<p>We are responsible for the content of our web pages in accordance with the general laws, especially pursuant to Section 7, Subsection 1 of the German Telemedia Act (TMG). All content is prepared with the required care and to the best of our knowledge. In so far as we refer to third-party web pages on our web pages by means of a hyperlink, we cannot guarantee that the linked content is constantly up-to-date, accurate and complete because such content is outside our sphere of responsibility. If, in your opinion, any content should violate applicable law or be inappropriate, please inform us.<\/p>\n<p>The legal notices on this website as well as all issues and disputes in connection with the content of this website are governed by the law of the Federal Republic of Germany.<\/p>\n<h4>4. Data protection<\/h4>\n<p class=\" translation-block\">You will find our Data Protection Statement at <a href=\"\u201c\" target=\"_self\">https:\/\/www.bbm-ersatzteile.de\/datenschutzerklaerung\/<\/a>.<\/p>\n<h4>5. Notes on copyright<\/h4>\n<p>As a rule, the texts, images, photos, videos or illustrations on our website are protected by copyright. Therefore, any unauthorised use (especially reproduction, processing or distribution) of such copyrighted content is prohibited. If you intend to use such content or parts thereof, please contact us in advance using the contact details given above. If we should not be the owner of the required rights of use under copyright, we will endeavour to arrange contact with the person entitled.<\/p>\t\t\t\t\t\t<\/div>\n\t\t\t\t<\/div>\n\t\t\t\t\t<\/div>\n\t\t<\/div>\n\t\t\t\t\t<\/div>\n\t\t<\/section>\n\t\t\t\t<\/div>","protected":false},"excerpt":{"rendered":"<p>Impressum 1. Angaben gem\u00e4\u00df \u00a7 5 des Telemediengesetzes Name des Anbieters: BBM Maschinenbau und Vertriebs GmbH Rechtsform, Registrierung, Sitz: Die BBM Maschinenbau und Vertriebs GmbH ist eine Gesellschaft mit beschr\u00e4nkter Haftung nach Ma\u00dfgabe des GmbH-Gesetzes mit Sitz in Langenberg, eingetragen im Handelsregister des Amtsgerichts G\u00fctersloh unter der Nummer HRB 6335 Umsatzsteuer-Identifikationsnummer (\u00a7 27a des Umsatzsteuergesetzes): [&hellip;]<\/p>","protected":false},"author":1,"featured_media":0,"parent":0,"menu_order":0,"comment_status":"closed","ping_status":"closed","template":"","meta":{"om_disable_all_campaigns":false,"_monsterinsights_skip_tracking":false,"_monsterinsights_sitenote_active":false,"_monsterinsights_sitenote_note":"","_monsterinsights_sitenote_category":0,"_uf_show_specific_survey":0,"_uf_disable_surveys":false,"site-sidebar-layout":"no-sidebar","site-content-layout":"page-builder","ast-site-content-layout":"","site-content-style":"default","site-sidebar-style":"default","ast-global-header-display":"","ast-banner-title-visibility":"","ast-main-header-display":"","ast-hfb-above-header-display":"","ast-hfb-below-header-display":"","ast-hfb-mobile-header-display":"","site-post-title":"disabled","ast-breadcrumbs-content":"","ast-featured-img":"disabled","footer-sml-layout":"","theme-transparent-header-meta":"default","adv-header-id-meta":"","stick-header-meta":"default","header-above-stick-meta":"","header-main-stick-meta":"","header-below-stick-meta":"","astra-migrate-meta-layouts":"default","ast-page-background-enabled":"default","ast-page-background-meta":{"desktop":{"background-color":"","background-image":"","background-repeat":"repeat","background-position":"center center","background-size":"auto","background-attachment":"scroll","background-type":"","background-media":"","overlay-type":"","overlay-color":"","overlay-opacity":"","overlay-gradient":""},"tablet":{"background-color":"","background-image":"","background-repeat":"repeat","background-position":"center center","background-size":"auto","background-attachment":"scroll","background-type":"","background-media":"","overlay-type":"","overlay-color":"","overlay-opacity":"","overlay-gradient":""},"mobile":{"background-color":"","background-image":"","background-repeat":"repeat","background-position":"center center","background-size":"auto","background-attachment":"scroll","background-type":"","background-media":"","overlay-type":"","overlay-color":"","overlay-opacity":"","overlay-gradient":""}},"ast-content-background-meta":{"desktop":{"background-color":"var(--ast-global-color-5)","background-image":"","background-repeat":"repeat","background-position":"center center","background-size":"auto","background-attachment":"scroll","background-type":"","background-media":"","overlay-type":"","overlay-color":"","overlay-opacity":"","overlay-gradient":""},"tablet":{"background-color":"var(--ast-global-color-5)","background-image":"","background-repeat":"repeat","background-position":"center center","background-size":"auto","background-attachment":"scroll","background-type":"","background-media":"","overlay-type":"","overlay-color":"","overlay-opacity":"","overlay-gradient":""},"mobile":{"background-color":"var(--ast-global-color-5)","background-image":"","background-repeat":"repeat","background-position":"center center","background-size":"auto","background-attachment":"scroll","background-type":"","background-media":"","overlay-type":"","overlay-color":"","overlay-opacity":"","overlay-gradient":""}},"footnotes":""},"class_list":["post-5560","page","type-page","status-publish","hentry"],"aioseo_notices":[],"_links":{"self":[{"href":"https:\/\/www.bbm-ersatzteile.de\/en\/wp-json\/wp\/v2\/pages\/5560","targetHints":{"allow":["GET"]}}],"collection":[{"href":"https:\/\/www.bbm-ersatzteile.de\/en\/wp-json\/wp\/v2\/pages"}],"about":[{"href":"https:\/\/www.bbm-ersatzteile.de\/en\/wp-json\/wp\/v2\/types\/page"}],"author":[{"embeddable":true,"href":"https:\/\/www.bbm-ersatzteile.de\/en\/wp-json\/wp\/v2\/users\/1"}],"replies":[{"embeddable":true,"href":"https:\/\/www.bbm-ersatzteile.de\/en\/wp-json\/wp\/v2\/comments?post=5560"}],"version-history":[{"count":0,"href":"https:\/\/www.bbm-ersatzteile.de\/en\/wp-json\/wp\/v2\/pages\/5560\/revisions"}],"wp:attachment":[{"href":"https:\/\/www.bbm-ersatzteile.de\/en\/wp-json\/wp\/v2\/media?parent=5560"}],"curies":[{"name":"wp","href":"https:\/\/api.w.org\/{rel}","templated":true}]}}