{"id":5566,"date":"2021-05-06T13:26:12","date_gmt":"2021-05-06T11:26:12","guid":{"rendered":"https:\/\/www.bbm-ersatzteile.de\/?page_id=5566"},"modified":"2022-11-11T13:11:13","modified_gmt":"2022-11-11T12:11:13","slug":"agb","status":"publish","type":"page","link":"https:\/\/www.bbm-ersatzteile.de\/en\/agb\/","title":{"rendered":"Terms &amp; Conditions"},"content":{"rendered":"<div data-elementor-type=\"wp-page\" data-elementor-id=\"5566\" class=\"elementor elementor-5566\">\n\t\t\t\t\t\t<section class=\"elementor-section elementor-top-section elementor-element elementor-element-33b4f8a elementor-section-boxed elementor-section-height-default elementor-section-height-default\" data-id=\"33b4f8a\" data-element_type=\"section\">\n\t\t\t\t\t\t<div class=\"elementor-container elementor-column-gap-default\">\n\t\t\t\t\t<div class=\"elementor-column elementor-col-100 elementor-top-column elementor-element elementor-element-69f253e\" data-id=\"69f253e\" data-element_type=\"column\" data-settings=\"{&quot;background_background&quot;:&quot;classic&quot;}\">\n\t\t\t<div class=\"elementor-widget-wrap elementor-element-populated\">\n\t\t\t\t\t\t<div class=\"elementor-element elementor-element-84f0abb elementor-widget elementor-widget-text-editor\" data-id=\"84f0abb\" data-element_type=\"widget\" data-widget_type=\"text-editor.default\">\n\t\t\t\t<div class=\"elementor-widget-container\">\n\t\t\t\t\t\t\t<h4><strong>BBM Maschinenbau und Vertriebs GmbH \u2013 General Terms and Conditions<\/strong><\/h4><p><strong>1. Scope of application <\/strong><\/p><p>(1) Die BBM Maschinenbau und Vertriebs GmbH, Dieselstra\u00dfe 4, 33449 Langenberg (Amtsgericht G\u00fctersloh HRB 6335, USt-ID.: DE 192426376) vertreten durch die Gesch\u00e4ftsf\u00fchrer Bernhard und Felix Schulte (<a href=\"https:\/\/www.bbm-ersatzteile.de\/en\/impressum\/\"><strong><em>Klick: Impressum<\/em><\/strong><\/a>) (im Folgenden \u201eVerk\u00e4uferin\u201c genannt) erbringt alle Leistungen ausschlie\u00dflich auf Grundlage dieser Allgemeinen Gesch\u00e4ftsbedingungen (AGB). Die Leistungen richten sich ausnahmslos an Unternehmer im Sinne des \u00a7 14 Abs. 1 BGB (Im Folgenden \u201eK\u00e4ufer\u201c genannt).<\/p><p>(2) These T&amp;C shall only apply if the Buyer is an entrepreneur (Section 14, Subsection 1 of BGB), a legal entity under public law or a special fund under public law. Terms and conditions of the Buyer or of third parties shall not apply, even if the Seller does not object separately to their application in the individual case. Even if the Seller refers to a message which contains or refers to terms and conditions of the Buyer or of a third party, this does not imply consent to the application of such terms and conditions.<\/p><p>(3) The Seller is entitled to change or amend these T&amp;C at any time, unless this places the Buyer at a disadvantage in bad faith. Any changes or amendments to these T&amp;C are announced by the Seller by notification in written form or text form. The Buyer is entitled to object to such a change or amendment in writing or in text form. Consent to the change to the contract is deemed to be given if the Buyer does not object within two weeks of receipt of the Seller\u2019s notification of the change or amendment to the T&amp;C. This consequence is specifically pointed out to the Buyer in the announcement.<\/p><p><strong>\u00a0<\/strong><\/p><p><strong>2. Registration as user<\/strong><\/p><p>(1) The Buyer\u2019s registration with the Seller\u2019s trading system is free of charge. There is no entitlement to admission to the Seller\u2019s trading system. Only persons of unlimited legal capacity may participate. At the Seller\u2019s request, the Buyer must send a copy of the identity card to the Seller or state the VAT ID No. and prove registration under register regulations by documents.<\/p><p>In order to be admitted, the Buyer shall fill in the electronic form available on the Seller\u2019s website. The Buyer can find this registration form when the Buyer selects a product in the online shop, puts it in the shopping cart by clicking on the \u201cAdd to cart\u201d button, then clicks on \u201cCart\u201d and subsequently on the \u201cGo to checkout\u201d button. The form is in the \u201cCheckout\u201d area under \u201cInvoice details\u201d.<\/p><p>The Buyer must provide the data required for registration completely and truthfully. Upon registration, the Buyer chooses a personal user name and password for the account. The user name for the account must infringe neither third-party rights nor other rights to use a name and trademark rights, nor may it be against good morals. The Buyer is obliged to keep the account password secret.<\/p><p>(2) Apart from giving one\u2019s consent to the application of these T&amp;C, the registration does not involve any obligations. The Buyer may delete their entry under \u201cMy account\u201d at any time. The mere registration with the Seller does not establish any obligation to buy the goods offered by the Seller.<\/p><p>(3) In so far as the personal details of the Buyer change, the Buyer shall be responsible for their updating. Any and all changes may be made online after logging in under \u201cMy account\u201d.<\/p><p class=\" translation-block\"><strong>3. Data protection<\/strong><\/p><p>(1) The Seller will exclusively utilise all personal data provided by the Buyer (e.g. form of address, name, company name, address, telephone number, e-mail address, VAT ID No.) within the limits of statutory data protection regulations.<\/p><p class=\" translation-block\">(2) Additional information in this regard can be found in the Data Protection Statement of BBM Maschinenbau und Vertriebs GmbH (<a href=\"https:\/\/www.bbm-ersatzteile.de\/datenschutzerklaerung-2\/\" target=\"_self\">click: Data Protection Statement<\/a>).<\/p><p><strong>\u00a0\u00a7 <\/strong><strong style=\"font-size: 16px;\">4. Conclusion of contract<\/strong><\/p><p>(1) The offers made by the Seller are exclusively intended for entrepreneurs, tradespersons, freelancers and public institutions and not in any event for consumers.<\/p><p>(2) The presentation of the Seller\u2019s goods is not a binding offer. Only the order for goods placed by the Buyer shall be a binding offer pursuant to Section 145 of BGB. In the event that said offer is accepted, the Seller will send an order confirmation to the Buyer by e-mail.<\/p><p>(3) The Buyer places an order and\/or makes an offer by placing the goods in the cart in the online shop via the \u201cAdd to cart\u201d button.<\/p><p>By clicking on the \u201cCart\u201d button, the Buyer will access the cart. After checking the order to be placed, the Buyer will access the Seller\u2019s checkout area by clicking on the \u201cGo to checkout\u201d button.<\/p><p>Under \u201cInvoice details\u201d in the checkout area, the Buyer must provide the following details in order to be able to complete the order process: first name and surname, company name, address, telephone, e-mail address, VAT ID No., user name for the account, account password. Below these details, the Buyer\u2019s order is listed again.<\/p><p>The payment mode \u201cDirect bank transfer\u201d is specified. Accordingly, the Buyer will make a transfer directly to the Seller\u2019s bank account using the order number as payment reference. The order will only be dispatched after the money has arrived in the Seller\u2019s account.<\/p><p>By clicking on the \u201cOrder subject to payment\u201d button, the Buyer completes the order process and submits the offer to buy to the Seller.<\/p><p>The Seller then issues an automatic confirmation of order; however, this confirmation does not yet constitute a declaration of acceptance on the part of the Seller. Acceptance only occurs by sending an invoice. If the Seller makes changes to the invoice (such as additional fees, e.g. shipping charges, different dates of delivery, etc.), the invoice constitutes a new offer that is accepted upon payment by the Buyer.<\/p><p><strong>5. Terms of payment<\/strong><\/p><p>(1) The prices shown for the range of goods offered by the Seller, which forms the basis of the contract, shall apply.<\/p><p>(2) The purchase price becomes due immediately upon placing the order. The Buyer shall transfer the amount directly to the Seller\u2019s account, quoting the order number as payment reference, after completing the order.<\/p><p>(3) The Seller makes out electronic invoices which it sends to the e-mail address provided by the Buyer by e-mail as an attachment on the date of invoice and which it makes available for inspection and download in the customer portal. The Buyer agrees to this procedure. At the express request of the Buyer, the Seller will additionally send its invoices by post.<\/p><p><strong>6. Reservation of title<\/strong><\/p><p>If, by way of exception, advance payment has not been agreed, the delivery item will remain the Seller\u2019s property until full payment of the purchase price.<\/p><p><strong>7. Terms of delivery<\/strong><\/p><p>(1) The Seller shall deliver the goods in accordance with the agreements reached with the Buyer. Any shipping charges to be paid are determined by the flat-rate shipping charge specified in the cart and will be itemised separately on the invoice by the Seller. Dates and periods of delivery are only binding if the Seller has confirmed them in writing.<\/p><p>(2) In so far as the Seller does not effect delivery of the goods or not in conformity with the contract, the Buyer must give the Seller a period of grace to provide the service. Otherwise, the Buyer will not be entitled to rescind the contract.<\/p><p><strong>8. Warranty<\/strong><\/p><p>(1) If the goods supplied are defective, the Buyer shall, within the limits of the legal provisions, be entitled to demand subsequent performance in the form of a removal of defects or delivery of an item that is free from defects. The Seller shall have the right to choose the type of subsequent performance. If subsequent performance fails, the Buyer shall be entitled to reduce the purchase price or to rescind the contract. A precondition for any warranty rights is that the Buyer properly fulfils all obligations to inspect and to give notice of defects owed pursuant to Section 377 of the German Commercial Code (HGB). The Seller must be notified of any defects and flaws that have occurred immediately after they have been detected in written form or text form and in an understandable manner.<\/p><p>(2) The Seller does not give any guarantees.<\/p><p>(3) The limitation period for warranty claims regarding the goods supplied is twelve months from receipt of the goods, except in the case of claims for damages.<\/p><p><strong>9. Limitations of liability <\/strong><\/p><p>(1) The Seller shall be liable for intent and gross negligence. The Seller shall only be liable for slight negligence in the event of a breach of a material contractual obligation the fulfilment of which makes the proper performance of the contract possible in the first place and on the performance of which the Buyer may regularly rely as well as in the case of any damage resulting from injury to life, body or health or in the event of any liability under the German Product Liability Act. In this connection, the Seller shall only be liable for foreseeable damage the occurrence of which must typically be expected.<\/p><p>(2) In the event that unauthorised third parties avail themselves of the services of the Seller by using the Buyer\u2019s login data, the Buyer shall be liable for any fees incurred as a result within the limits of civil-law liability until the customer\u2019s order to change the login data or notification of the loss or theft is received, provided the Buyer is to blame for such access by unauthorised third parties.<\/p><p>(3) In view of the current state of technology, it is not possible to ensure that data communication via the internet is free from errors and\/or available at all times. In this respect, the Seller shall not be liable for the continuous and uninterrupted availability of its online trading system.<\/p><p>(4) In so far as liability is excluded or limited according to the above paragraphs, this shall apply \u2013 to the extent permitted by law \u2013 to any personal liability on the part of staff, employees, representatives, organs and vicarious agents of the Seller.<\/p><p><strong>10. Place of jurisdiction, applicable law<\/strong><\/p><p>(1) If the Buyer is a businessperson, a legal entity under public law or a special fund under public law or if the Buyer does not have a place of general jurisdiction in the Federal Republic of Germany, the place of jurisdiction for any and all disputes arising from the business relationship between the Seller and the Buyer shall, at the Seller\u2019s option, be Langenberg or the Buyer\u2019s registered office. However, as regards claims against the Seller, Langenberg shall be the exclusive place of jurisdiction for such cases. Imperative legal provisions concerning exclusive places of jurisdiction shall remain unaffected by this provision.<\/p><p>(2) The relations between the Seller and the Buyer shall exclusively be governed by the law of the Federal Republic of Germany. The United Nations Convention on Contracts for the International Sale of Goods of 11 April 1980 (CISG) shall not apply.<\/p><p><strong>11. Final provisions <\/strong><\/p><p>(1) Any changes or amendments to these Terms and Conditions must be made in writing. This shall also apply to the cancellation of the requirement of written form.<\/p><p>(2) The place of performance shall be Rheda-Wiedenbr\u00fcck.<\/p><p>(3) Should individual provisions of this contract be ineffective or conflict with legal provisions, the contract shall otherwise not be affected thereby. The parties to the contract shall, by mutual consent, replace the ineffective provision with a provision which comes as close as possible to the commercial aim and object of the ineffective provision. The above provision shall apply accordingly in the event of any gaps in the provisions.<\/p>\t\t\t\t\t\t<\/div>\n\t\t\t\t<\/div>\n\t\t\t\t\t<\/div>\n\t\t<\/div>\n\t\t\t\t\t<\/div>\n\t\t<\/section>\n\t\t\t\t<\/div>","protected":false},"excerpt":{"rendered":"<p>BBM Maschinenbau und Vertriebs GmbH \u2013 Allgemeine Gesch\u00e4ftsbedingungen \u00a7 1 Geltungsbereich (1) Die BBM Maschinenbau und Vertriebs GmbH, Dieselstra\u00dfe 4, 33449 Langenberg (Amtsgericht G\u00fctersloh HRB 6335, USt-ID.: DE 192426376) vertreten durch die Gesch\u00e4ftsf\u00fchrer Bernhard und Felix Schulte (Klick: Impressum) (im Folgenden \u201eVerk\u00e4uferin\u201c genannt) erbringt alle Leistungen ausschlie\u00dflich auf Grundlage dieser Allgemeinen Gesch\u00e4ftsbedingungen (AGB). Die Leistungen [&hellip;]<\/p>","protected":false},"author":1,"featured_media":0,"parent":0,"menu_order":0,"comment_status":"closed","ping_status":"closed","template":"","meta":{"om_disable_all_campaigns":false,"_monsterinsights_skip_tracking":false,"_monsterinsights_sitenote_active":false,"_monsterinsights_sitenote_note":"","_monsterinsights_sitenote_category":0,"_uf_show_specific_survey":0,"_uf_disable_surveys":false,"site-sidebar-layout":"no-sidebar","site-content-layout":"page-builder","ast-site-content-layout":"","site-content-style":"default","site-sidebar-style":"default","ast-global-header-display":"","ast-banner-title-visibility":"","ast-main-header-display":"","ast-hfb-above-header-display":"","ast-hfb-below-header-display":"","ast-hfb-mobile-header-display":"","site-post-title":"disabled","ast-breadcrumbs-content":"","ast-featured-img":"disabled","footer-sml-layout":"","theme-transparent-header-meta":"default","adv-header-id-meta":"","stick-header-meta":"default","header-above-stick-meta":"","header-main-stick-meta":"","header-below-stick-meta":"","astra-migrate-meta-layouts":"default","ast-page-background-enabled":"default","ast-page-background-meta":{"desktop":{"background-color":"","background-image":"","background-repeat":"repeat","background-position":"center center","background-size":"auto","background-attachment":"scroll","background-type":"","background-media":"","overlay-type":"","overlay-color":"","overlay-opacity":"","overlay-gradient":""},"tablet":{"background-color":"","background-image":"","background-repeat":"repeat","background-position":"center center","background-size":"auto","background-attachment":"scroll","background-type":"","background-media":"","overlay-type":"","overlay-color":"","overlay-opacity":"","overlay-gradient":""},"mobile":{"background-color":"","background-image":"","background-repeat":"repeat","background-position":"center center","background-size":"auto","background-attachment":"scroll","background-type":"","background-media":"","overlay-type":"","overlay-color":"","overlay-opacity":"","overlay-gradient":""}},"ast-content-background-meta":{"desktop":{"background-color":"var(--ast-global-color-5)","background-image":"","background-repeat":"repeat","background-position":"center center","background-size":"auto","background-attachment":"scroll","background-type":"","background-media":"","overlay-type":"","overlay-color":"","overlay-opacity":"","overlay-gradient":""},"tablet":{"background-color":"var(--ast-global-color-5)","background-image":"","background-repeat":"repeat","background-position":"center center","background-size":"auto","background-attachment":"scroll","background-type":"","background-media":"","overlay-type":"","overlay-color":"","overlay-opacity":"","overlay-gradient":""},"mobile":{"background-color":"var(--ast-global-color-5)","background-image":"","background-repeat":"repeat","background-position":"center center","background-size":"auto","background-attachment":"scroll","background-type":"","background-media":"","overlay-type":"","overlay-color":"","overlay-opacity":"","overlay-gradient":""}},"footnotes":""},"class_list":["post-5566","page","type-page","status-publish","hentry"],"aioseo_notices":[],"_links":{"self":[{"href":"https:\/\/www.bbm-ersatzteile.de\/en\/wp-json\/wp\/v2\/pages\/5566","targetHints":{"allow":["GET"]}}],"collection":[{"href":"https:\/\/www.bbm-ersatzteile.de\/en\/wp-json\/wp\/v2\/pages"}],"about":[{"href":"https:\/\/www.bbm-ersatzteile.de\/en\/wp-json\/wp\/v2\/types\/page"}],"author":[{"embeddable":true,"href":"https:\/\/www.bbm-ersatzteile.de\/en\/wp-json\/wp\/v2\/users\/1"}],"replies":[{"embeddable":true,"href":"https:\/\/www.bbm-ersatzteile.de\/en\/wp-json\/wp\/v2\/comments?post=5566"}],"version-history":[{"count":0,"href":"https:\/\/www.bbm-ersatzteile.de\/en\/wp-json\/wp\/v2\/pages\/5566\/revisions"}],"wp:attachment":[{"href":"https:\/\/www.bbm-ersatzteile.de\/en\/wp-json\/wp\/v2\/media?parent=5566"}],"curies":[{"name":"wp","href":"https:\/\/api.w.org\/{rel}","templated":true}]}}